{"id":86,"date":"2012-02-08T08:46:11","date_gmt":"2012-02-08T08:46:11","guid":{"rendered":"http:\/\/www.ff-hinterberg.at\/cms\/?page_id=86"},"modified":"2023-06-11T17:39:55","modified_gmt":"2023-06-11T17:39:55","slug":"kommando","status":"publish","type":"page","link":"https:\/\/www.ff-hinterberg.at\/?page_id=86","title":{"rendered":"Kommando"},"content":{"rendered":"<h3><strong><img loading=\"lazy\" decoding=\"async\" class=\"alignnone size-medium wp-image-17993\" src=\"https:\/\/www.ff-hinterberg.at\/cms\/wp-content\/uploads\/2023\/06\/DSC09577-300x200.jpg\" alt=\"\" width=\"300\" height=\"200\" srcset=\"https:\/\/www.ff-hinterberg.at\/cms\/wp-content\/uploads\/2023\/06\/DSC09577-300x200.jpg 300w, https:\/\/www.ff-hinterberg.at\/cms\/wp-content\/uploads\/2023\/06\/DSC09577-1024x683.jpg 1024w, https:\/\/www.ff-hinterberg.at\/cms\/wp-content\/uploads\/2023\/06\/DSC09577-768x512.jpg 768w, https:\/\/www.ff-hinterberg.at\/cms\/wp-content\/uploads\/2023\/06\/DSC09577-1536x1024.jpg 1536w, https:\/\/www.ff-hinterberg.at\/cms\/wp-content\/uploads\/2023\/06\/DSC09577-2048x1365.jpg 2048w\" sizes=\"auto, (max-width: 300px) 100vw, 300px\" \/><br \/>Kommandant &#8211; HBI Severin Stockinger<\/strong><\/h3>\n<p><strong>Mitglied seit: <\/strong>09.03.2003<br \/><strong>Kommandant seit: <\/strong>29.02.2020<br \/><br \/><\/p>\n<h3><strong>Kommandant Stv. &#8211; OBI Hannes Pr\u00fcckl<\/strong><\/h3>\n<p><strong>Mitglied seit: <\/strong>01.01.2016<br \/><strong>Kommandant Stv. seit: <\/strong>25.02.2023<br \/><strong>&nbsp;<\/strong><\/p>\n<h3><strong><img loading=\"lazy\" decoding=\"async\" class=\"alignnone size-medium wp-image-17998\" src=\"https:\/\/www.ff-hinterberg.at\/cms\/wp-content\/uploads\/2023\/06\/DSC09594-300x200.jpg\" alt=\"\" width=\"300\" height=\"200\" srcset=\"https:\/\/www.ff-hinterberg.at\/cms\/wp-content\/uploads\/2023\/06\/DSC09594-300x200.jpg 300w, https:\/\/www.ff-hinterberg.at\/cms\/wp-content\/uploads\/2023\/06\/DSC09594-1024x683.jpg 1024w, https:\/\/www.ff-hinterberg.at\/cms\/wp-content\/uploads\/2023\/06\/DSC09594-768x512.jpg 768w, https:\/\/www.ff-hinterberg.at\/cms\/wp-content\/uploads\/2023\/06\/DSC09594-1536x1024.jpg 1536w, https:\/\/www.ff-hinterberg.at\/cms\/wp-content\/uploads\/2023\/06\/DSC09594-2048x1365.jpg 2048w\" sizes=\"auto, (max-width: 300px) 100vw, 300px\" \/><\/strong><\/h3>\n<h3><strong>Schriftf\u00fchrer &#8211; BI d.F Thomas Schinnerl<\/strong><\/h3>\n<p><strong>Mitglied seit:<\/strong> 12.03.2000<br \/><strong>Schriftf\u00fchrer seit: <\/strong>17.02.2013<\/p>\n<p><strong>&nbsp;<\/strong><\/p>\n<h3><strong><img loading=\"lazy\" decoding=\"async\" class=\"alignnone size-medium wp-image-17994\" src=\"https:\/\/www.ff-hinterberg.at\/cms\/wp-content\/uploads\/2023\/06\/DSC09580-300x200.jpg\" alt=\"\" width=\"300\" height=\"200\" srcset=\"https:\/\/www.ff-hinterberg.at\/cms\/wp-content\/uploads\/2023\/06\/DSC09580-300x200.jpg 300w, https:\/\/www.ff-hinterberg.at\/cms\/wp-content\/uploads\/2023\/06\/DSC09580-1024x683.jpg 1024w, https:\/\/www.ff-hinterberg.at\/cms\/wp-content\/uploads\/2023\/06\/DSC09580-768x512.jpg 768w, https:\/\/www.ff-hinterberg.at\/cms\/wp-content\/uploads\/2023\/06\/DSC09580-1536x1024.jpg 1536w, https:\/\/www.ff-hinterberg.at\/cms\/wp-content\/uploads\/2023\/06\/DSC09580-2048x1365.jpg 2048w\" sizes=\"auto, (max-width: 300px) 100vw, 300px\" \/><\/strong><\/h3>\n<h3><strong>Kassier &#8211; BI d.F. Daniel Gruber<\/strong><\/h3>\n<p><strong>Mitglied seit: <\/strong>24.01.2008<br \/><strong>Kassier seit: <\/strong>25.02.2023<\/p>\n<p>&nbsp;<\/p>\n<h3><strong><img loading=\"lazy\" decoding=\"async\" class=\"alignnone size-medium wp-image-17991\" src=\"https:\/\/www.ff-hinterberg.at\/cms\/wp-content\/uploads\/2023\/06\/DSC09568-300x200.jpg\" alt=\"\" width=\"300\" height=\"200\" srcset=\"https:\/\/www.ff-hinterberg.at\/cms\/wp-content\/uploads\/2023\/06\/DSC09568-300x200.jpg 300w, https:\/\/www.ff-hinterberg.at\/cms\/wp-content\/uploads\/2023\/06\/DSC09568-1024x683.jpg 1024w, https:\/\/www.ff-hinterberg.at\/cms\/wp-content\/uploads\/2023\/06\/DSC09568-768x512.jpg 768w, https:\/\/www.ff-hinterberg.at\/cms\/wp-content\/uploads\/2023\/06\/DSC09568-1536x1024.jpg 1536w, https:\/\/www.ff-hinterberg.at\/cms\/wp-content\/uploads\/2023\/06\/DSC09568-2048x1365.jpg 2048w\" sizes=\"auto, (max-width: 300px) 100vw, 300px\" \/><\/strong><\/h3>\n<h3><strong>Ger\u00e4tewart &#8211; BI d.F. Klaus Schwaiger<\/strong><\/h3>\n<p><strong>Mitglied seit:<\/strong> 17.02.2013<br \/><strong>Ger\u00e4tewart seit: <\/strong>25.02.2023<\/p>\n<p>&nbsp;<\/p>\n<h3><strong><img loading=\"lazy\" decoding=\"async\" class=\"alignnone size-medium wp-image-17996\" src=\"https:\/\/www.ff-hinterberg.at\/cms\/wp-content\/uploads\/2023\/06\/DSC09587-300x200.jpg\" alt=\"\" width=\"300\" height=\"200\" srcset=\"https:\/\/www.ff-hinterberg.at\/cms\/wp-content\/uploads\/2023\/06\/DSC09587-300x200.jpg 300w, https:\/\/www.ff-hinterberg.at\/cms\/wp-content\/uploads\/2023\/06\/DSC09587-1024x683.jpg 1024w, https:\/\/www.ff-hinterberg.at\/cms\/wp-content\/uploads\/2023\/06\/DSC09587-768x512.jpg 768w, https:\/\/www.ff-hinterberg.at\/cms\/wp-content\/uploads\/2023\/06\/DSC09587-1536x1024.jpg 1536w, https:\/\/www.ff-hinterberg.at\/cms\/wp-content\/uploads\/2023\/06\/DSC09587-2048x1365.jpg 2048w\" sizes=\"auto, (max-width: 300px) 100vw, 300px\" \/><\/strong><\/h3>\n<h3><strong>Bekleidungsbeauftragter &#8211; BI d.F. J\u00fcrgen Hametner<\/strong><\/h3>\n<p><strong>Mitglied seit: <\/strong>01.05.2012 <br \/><strong>Bekleidungsbeauftragter <\/strong><strong>seit: <\/strong>14.02.2016<strong><br \/><\/strong><\/p>\n<p>&nbsp;<\/p>\n<h3><strong><img loading=\"lazy\" decoding=\"async\" class=\"alignnone size-medium wp-image-17997\" src=\"https:\/\/www.ff-hinterberg.at\/cms\/wp-content\/uploads\/2023\/06\/DSC09590-300x200.jpg\" alt=\"\" width=\"300\" height=\"200\" srcset=\"https:\/\/www.ff-hinterberg.at\/cms\/wp-content\/uploads\/2023\/06\/DSC09590-300x200.jpg 300w, https:\/\/www.ff-hinterberg.at\/cms\/wp-content\/uploads\/2023\/06\/DSC09590-1024x683.jpg 1024w, https:\/\/www.ff-hinterberg.at\/cms\/wp-content\/uploads\/2023\/06\/DSC09590-768x512.jpg 768w, https:\/\/www.ff-hinterberg.at\/cms\/wp-content\/uploads\/2023\/06\/DSC09590-1536x1024.jpg 1536w, https:\/\/www.ff-hinterberg.at\/cms\/wp-content\/uploads\/2023\/06\/DSC09590-2048x1365.jpg 2048w\" sizes=\"auto, (max-width: 300px) 100vw, 300px\" \/><\/strong><\/h3>\n<h3><strong>Zugskommandant &#8211; BI Phillip Brandst\u00e4tter<\/strong><\/h3>\n<p><strong>Mitglied seit: <\/strong>13.03.2023<br \/><strong>Zgkdt. seit: <\/strong>25.02.2023<strong>&nbsp;<\/strong><\/p>\n<p>&nbsp;<\/p>\n<h3><strong><img loading=\"lazy\" decoding=\"async\" class=\"alignnone size-medium wp-image-17992\" src=\"https:\/\/www.ff-hinterberg.at\/cms\/wp-content\/uploads\/2023\/06\/DSC09572-300x200.jpg\" alt=\"\" width=\"300\" height=\"200\" srcset=\"https:\/\/www.ff-hinterberg.at\/cms\/wp-content\/uploads\/2023\/06\/DSC09572-300x200.jpg 300w, https:\/\/www.ff-hinterberg.at\/cms\/wp-content\/uploads\/2023\/06\/DSC09572-1024x683.jpg 1024w, https:\/\/www.ff-hinterberg.at\/cms\/wp-content\/uploads\/2023\/06\/DSC09572-768x512.jpg 768w, https:\/\/www.ff-hinterberg.at\/cms\/wp-content\/uploads\/2023\/06\/DSC09572-1536x1024.jpg 1536w, https:\/\/www.ff-hinterberg.at\/cms\/wp-content\/uploads\/2023\/06\/DSC09572-2048x1365.jpg 2048w\" sizes=\"auto, (max-width: 300px) 100vw, 300px\" \/><\/strong><\/h3>\n<h3><strong>LuN Zugskommadant &#8211; BI Daniel Schinnerl<\/strong><\/h3>\n<p><strong>Mitglied seit: <\/strong>01<strong>.<\/strong>02.1992<br \/><strong>Funkbeauftragter seit:<\/strong> 29.02.2020<\/p>\n<p>&nbsp;<\/p>\n<h3><strong><img loading=\"lazy\" decoding=\"async\" class=\"alignnone size-medium wp-image-17995\" src=\"https:\/\/www.ff-hinterberg.at\/cms\/wp-content\/uploads\/2023\/06\/DSC09583-300x200.jpg\" alt=\"\" width=\"300\" height=\"200\" srcset=\"https:\/\/www.ff-hinterberg.at\/cms\/wp-content\/uploads\/2023\/06\/DSC09583-300x200.jpg 300w, https:\/\/www.ff-hinterberg.at\/cms\/wp-content\/uploads\/2023\/06\/DSC09583-1024x683.jpg 1024w, https:\/\/www.ff-hinterberg.at\/cms\/wp-content\/uploads\/2023\/06\/DSC09583-768x512.jpg 768w, https:\/\/www.ff-hinterberg.at\/cms\/wp-content\/uploads\/2023\/06\/DSC09583-1536x1024.jpg 1536w, https:\/\/www.ff-hinterberg.at\/cms\/wp-content\/uploads\/2023\/06\/DSC09583-2048x1365.jpg 2048w\" sizes=\"auto, (max-width: 300px) 100vw, 300px\" \/><\/strong><\/h3>\n<h3><strong>Atemschutzwart &#8211; HBM d.F. Willi Gusenbauer<\/strong><\/h3>\n<p><strong>Mitglied seit: <\/strong>01.02.2003<br \/><strong>Atemschutzwart seit: <\/strong>29.02.2020<br \/><br \/><\/p>\n\n\n<p><\/p>\n","protected":false},"excerpt":{"rendered":"<p>Kommandant &#8211; HBI Severin Stockinger Mitglied seit: 09.03.2003Kommandant seit: 29.02.2020 Kommandant Stv. &#8211; OBI Hannes Pr\u00fcckl Mitglied seit: 01.01.2016Kommandant Stv. seit: 25.02.2023&nbsp; Schriftf\u00fchrer &#8211; BI d.F Thomas Schinnerl Mitglied seit: 12.03.2000Schriftf\u00fchrer seit: 17.02.2013 &nbsp; Kassier &#8211; BI d.F. Daniel Gruber Mitglied seit: 24.01.2008Kassier seit: 25.02.2023 &nbsp; Ger\u00e4tewart &#8211; BI d.F. Klaus Schwaiger Mitglied seit: 17.02.2013Ger\u00e4tewart [&hellip;]<\/p>\n","protected":false},"author":1,"featured_media":0,"parent":78,"menu_order":0,"comment_status":"open","ping_status":"closed","template":"","meta":{"_mo_disable_npp":"","ngg_post_thumbnail":0,"footnotes":""},"class_list":["post-86","page","type-page","status-publish","hentry"],"_links":{"self":[{"href":"https:\/\/www.ff-hinterberg.at\/index.php?rest_route=\/wp\/v2\/pages\/86","targetHints":{"allow":["GET"]}}],"collection":[{"href":"https:\/\/www.ff-hinterberg.at\/index.php?rest_route=\/wp\/v2\/pages"}],"about":[{"href":"https:\/\/www.ff-hinterberg.at\/index.php?rest_route=\/wp\/v2\/types\/page"}],"author":[{"embeddable":true,"href":"https:\/\/www.ff-hinterberg.at\/index.php?rest_route=\/wp\/v2\/users\/1"}],"replies":[{"embeddable":true,"href":"https:\/\/www.ff-hinterberg.at\/index.php?rest_route=%2Fwp%2Fv2%2Fcomments&post=86"}],"version-history":[{"count":46,"href":"https:\/\/www.ff-hinterberg.at\/index.php?rest_route=\/wp\/v2\/pages\/86\/revisions"}],"predecessor-version":[{"id":17999,"href":"https:\/\/www.ff-hinterberg.at\/index.php?rest_route=\/wp\/v2\/pages\/86\/revisions\/17999"}],"up":[{"embeddable":true,"href":"https:\/\/www.ff-hinterberg.at\/index.php?rest_route=\/wp\/v2\/pages\/78"}],"wp:attachment":[{"href":"https:\/\/www.ff-hinterberg.at\/index.php?rest_route=%2Fwp%2Fv2%2Fmedia&parent=86"}],"curies":[{"name":"wp","href":"https:\/\/api.w.org\/{rel}","templated":true}]}}