{"id":84,"date":"2012-02-08T08:45:54","date_gmt":"2012-02-08T08:45:54","guid":{"rendered":"http:\/\/www.ff-hinterberg.at\/cms\/?page_id=84"},"modified":"2015-03-05T08:50:37","modified_gmt":"2015-03-05T08:50:37","slug":"jugend","status":"publish","type":"page","link":"https:\/\/www.ff-hinterberg.at\/?page_id=84","title":{"rendered":"Jugend"},"content":{"rendered":"<p>&nbsp;<\/p>\n<p>Die Jugendgruppe besteht aus 13 Mitglieder der FF Hinterberg und der FF Mistlberg (Stand M\u00e4rz 2014) und wird vom Jugendbetreuer OBI Severin Stockinger, HFM Roman M\u00fchlehener (beide FF Hinterberg), HFM Gottfried Pehb\u00f6ck und OLM Reinhadr Fr\u00f6schl (beide FF Mistlberg) betreut.<\/p>\n<h1 style=\"text-align: center;\"><\/h1>\n<h1 style=\"text-align: center;\"><strong>Die Jugengruppe der FF Hinterberg stellt sich vor<\/strong><\/h1>\n<h3 style=\"text-align: center;\" align=\"left\">Werte Feuerwehrkameradinnen u.\u00a0-kameraden<\/h3>\n<p align=\"left\">Mein Name ist Herbert Danninger. Ich habe die verantwortungsvolle aber auch\u00a0 interessante Aufgabe, unsere Jugend zu betreuen.<\/p>\n<p align=\"left\">1992 haben wir die Feuerwehrjugend gegr\u00fcndet. Aller Anfang ist schwer. So musste ich selbst erst einmal erlernen, wie man mit der Jugend arbeitet bzw. wie man die Bewerbsbestimmungen zuerst im Training und dann im Bewerb m\u00f6glichst fehlerfrei und nat\u00fcrlich schnell umsetzt.<\/p>\n<p align=\"left\">Begeistern lassen sich die Jugendlichen durch sportliche Aktivit\u00e4ten und durch das Kr\u00e4ftemessen im Wettkampf. Und so habe ich mir zum Ziel gesetzt, die Vorbereitungen zu den Bewerben konsequent durchzuf\u00fchren.<\/p>\n<p align=\"left\">Bereits im September beginne ich mit dem Training zu den Bewerben im darauffolgenden Jahr. In m\u00fchevoller Kleinarbeit beginne ich mit den Neuen und den J\u00fcngeren auf der Hindernisbahn, solange es die Witterung erlaubt. Im Fr\u00fchjahr, wenn die \u00e4lteren Jugendmitglieder im Freien wieder mittrainieren, kommt die ganze Gruppe dadurch schneller auf Schuss.<\/p>\n<p align=\"left\">Mit unseren Trainingsm\u00f6glichkeiten sind wir ehrlich gesagt ein wenig verw\u00f6hnt.\u00a0Die Hindernisbahn ist gleich hinter dem Zeughaus. Wasser und Strom beziehen wir von diesem. F\u00fcr den Staffellauf haben wir eine asphaltierte Stra\u00dfe zur Verf\u00fcgung, auch nur etwa 100 Meter vom Zeughaus entfernt.<\/p>\n<p align=\"left\">Gro\u00dfen Wert lege ich auf P\u00fcnktlichkeit und Verl\u00e4sslichkeit, denn nur so wird die Begeisterung hoch gehalten.<\/p>\n<p align=\"left\">Das Aufw\u00e4rmen vor jedem Training ist eine Selbstverst\u00e4ndlichkeit, genauso wie das Tragen des Schutzhelmes auf der Hindernisbahn. Die \u00dcbungen setze ich in erster Linie freitags und samstags an, um die Schul- und Lernzeiten dadurch wenig zu beeinflussen.<\/p>\n<p align=\"left\">W\u00e4hrend der Wintermonate d\u00fcrfen wir den Volksschulturnsaal in Tragwein ben\u00fctzen.<\/p>\n<p>Auch <strong>M\u00e4dchen<\/strong> habe ich in der Gruppe. Ich finde dadurch kommt viel mehr Schwung in die Gruppe.<\/p>\n<p>Ab J\u00e4nner bereiten wir uns auf den <strong>Wissenstest<\/strong> vor. Ich bin immer wieder froh, wenn mich dabei Kommandomitglieder im Bereich Erste Hilfe und Funk unterst\u00fctzen. Ich staune immer wieder wie bereitwillig die Jungen auch beim theoretischen Lernen mitmachen. Sie wissen nat\u00fcrlich, es winkt wieder ein Abzeichen, auf das sichtlich jeder stolz ist.<\/p>\n<p>In der Bewerbszeit sind wir an den Wochenenden viel unterwegs. Wir nehmen an ungef\u00e4hr 20 Bewerben in 7 Bezirken teil. Dadurch sammeln wir viel an Erfahrung und lernen jedes Mal dazu. Die gewonnenen <strong>Pokale<\/strong> verlosen wir sp\u00e4ter unter der Feuerwehrjugend.<\/p>\n<p>Ein paar Worte zu unseren <strong>Bewerbserfolgen<\/strong>:<\/p>\n<p>Bei Landesbewerben platzierte sich unsere Jugend seit 1996 immer in den R\u00e4ngen.<\/p>\n<p>Landesbewerb in Ried 2009: 3. Platz in Bronze, 2. Platz in Silber<\/p>\n<p><strong>Landessieger<\/strong> wurde wir: 2000 St. Florian\u00a0 in Bronze, 2002 Micheldorf\u00a0 in Bronze u. Silber, 2003 Rohrbach\u00a0 in Silber u. 2004 Sch\u00e4rding\u00a0 in Silber.<\/p>\n<p>Au\u00dferdem qualifizierten wir uns 5 Mal in ununterbrochener Reihenfolge zu <strong>Bundesbewerben<\/strong>.<\/p>\n<p>1998 Saalfelden, 2000 Hohenems ( jeweils Vizebundesmeister),<\/p>\n<p>2002 Mistelbach, 2004 W\u00f6rgl\u00a0 u. 2006 Feldbach ( jeweils 3. Platz).<\/p>\n<p>Dreimal qualifizierten wir uns zu <strong>internationalen Bewerben<\/strong> (Weltmeisterschaften):<\/p>\n<p>1999 Altkirch (Frankreich) 1. Platz<br \/>\n2001 Kuopio (Finnland) 12. Platz<br \/>\n2007 Revinge (Schweden) 2. Platz<\/p>\n<p>Zu den Bundes- u. internationalen Bewerben wurden unsere Jugendgruppen immer wieder von zahlreichen, begeisterten Hinterberger Fans begleitet. Und es war immer ein gro\u00dfartiges Erlebnis.<\/p>\n<p>Nach Bundes- und internationalen Bewerben haben wir mit der Jugend immer ein- oder mehrt\u00e4gige Ausfl\u00fcge unternommen (Wien ins Stadion, nach M\u00fcnchen, nach Augsburg, in einen Erlebnispark in Bayern, in einen Klettergarten etc.).<\/p>\n<p>Nat\u00fcrlich waren wir beinahe immer bei den M\u00fchlviertler Jugendlagern mit dabei.<\/p>\n<p>Einmal im Jahr mieten wir f\u00fcr ein paar Stunden eine Go-Kartbahn f\u00fcr unsere Jugend als Belohnung f\u00fcr die vielen \u00dcbungsstunden.<\/p>\n<p>22 Jahren besteht also die Jugendgruppe Hinterberg. \u00dcber <strong>110\u00a0Jugendliche<\/strong> haben in dieser Zeit das Feuerwehrwesen kennen gelernt. Viele unserer heutigen Kommandomitglieder \u2013 Kommandant, Amtswalter f\u00fcr Medienarbeit, Zugs- und Gruppenkommandanten &#8211; sind aus der Jugend hervorgegangen.<\/p>\n<p>Zur Zeit z\u00e4hlt die Feuerwehrjugend <strong>Hinterberg 13 Mitglieder.\u00a0<\/strong><\/p>\n<p style=\"text-align: center;\">ngg_shortcode_0_placeholder<\/p>\n","protected":false},"excerpt":{"rendered":"<p>&nbsp; Die Jugendgruppe besteht aus 13 Mitglieder der FF Hinterberg und der FF Mistlberg (Stand M\u00e4rz 2014) und wird vom Jugendbetreuer OBI Severin Stockinger, HFM Roman M\u00fchlehener (beide FF Hinterberg), HFM Gottfried Pehb\u00f6ck und OLM Reinhadr Fr\u00f6schl (beide FF Mistlberg) betreut. Die Jugengruppe der FF Hinterberg stellt sich vor Werte Feuerwehrkameradinnen u.\u00a0-kameraden Mein Name ist [&hellip;]<\/p>\n","protected":false},"author":1,"featured_media":0,"parent":78,"menu_order":2,"comment_status":"open","ping_status":"closed","template":"","meta":{"_mo_disable_npp":"","ngg_post_thumbnail":0,"footnotes":""},"class_list":["post-84","page","type-page","status-publish","hentry"],"_links":{"self":[{"href":"https:\/\/www.ff-hinterberg.at\/index.php?rest_route=\/wp\/v2\/pages\/84","targetHints":{"allow":["GET"]}}],"collection":[{"href":"https:\/\/www.ff-hinterberg.at\/index.php?rest_route=\/wp\/v2\/pages"}],"about":[{"href":"https:\/\/www.ff-hinterberg.at\/index.php?rest_route=\/wp\/v2\/types\/page"}],"author":[{"embeddable":true,"href":"https:\/\/www.ff-hinterberg.at\/index.php?rest_route=\/wp\/v2\/users\/1"}],"replies":[{"embeddable":true,"href":"https:\/\/www.ff-hinterberg.at\/index.php?rest_route=%2Fwp%2Fv2%2Fcomments&post=84"}],"version-history":[{"count":12,"href":"https:\/\/www.ff-hinterberg.at\/index.php?rest_route=\/wp\/v2\/pages\/84\/revisions"}],"predecessor-version":[{"id":3045,"href":"https:\/\/www.ff-hinterberg.at\/index.php?rest_route=\/wp\/v2\/pages\/84\/revisions\/3045"}],"up":[{"embeddable":true,"href":"https:\/\/www.ff-hinterberg.at\/index.php?rest_route=\/wp\/v2\/pages\/78"}],"wp:attachment":[{"href":"https:\/\/www.ff-hinterberg.at\/index.php?rest_route=%2Fwp%2Fv2%2Fmedia&parent=84"}],"curies":[{"name":"wp","href":"https:\/\/api.w.org\/{rel}","templated":true}]}}