{"id":528,"date":"2012-03-01T12:06:01","date_gmt":"2012-03-01T12:06:01","guid":{"rendered":"http:\/\/www.ff-hinterberg.at\/cms\/?page_id=528"},"modified":"2019-09-30T14:23:20","modified_gmt":"2019-09-30T14:23:20","slug":"einsatzgebiet","status":"publish","type":"page","link":"https:\/\/www.ff-hinterberg.at\/?page_id=528","title":{"rendered":"Einsatzgebiet der FF Hinterberg"},"content":{"rendered":"<p><a href=\"http:\/\/www.ff-hinterberg.at\/cms\/?attachment_id=534\" rel=\"attachment wp-att-534\"><img loading=\"lazy\" decoding=\"async\" class=\"aligncenter size-full wp-image-534\" title=\"ortstafel_hinterberg\" src=\"http:\/\/www.ff-hinterberg.at\/cms\/wp-content\/uploads\/2012\/03\/ortstafel_hinterberg.jpg\" alt=\"\" width=\"150\" height=\"96\" \/><\/a><\/p>\n<p><a href=\"http:\/\/www.ff-hinterberg.at\/cms\/?attachment_id=546\" rel=\"attachment wp-att-546\"><img loading=\"lazy\" decoding=\"async\" class=\"aligncenter size-full wp-image-546\" title=\"print_84beb83adaac4e1fb04dd1a8645969d6\" src=\"http:\/\/www.ff-hinterberg.at\/cms\/wp-content\/uploads\/2012\/03\/print_84beb83adaac4e1fb04dd1a8645969d6.png\" alt=\"\" width=\"600\" height=\"904\" srcset=\"https:\/\/www.ff-hinterberg.at\/cms\/wp-content\/uploads\/2012\/03\/print_84beb83adaac4e1fb04dd1a8645969d6.png 600w, https:\/\/www.ff-hinterberg.at\/cms\/wp-content\/uploads\/2012\/03\/print_84beb83adaac4e1fb04dd1a8645969d6-199x300.png 199w\" sizes=\"auto, (max-width: 600px) 100vw, 600px\" \/><\/a><\/p>\n<p>Tragwein (<a href=\"http:\/\/www.tragwein.at\">www.tragwein.at<\/a>) ist eine kleine aber feine Gemeinde im Herzen des M\u00fchlviertels. Auf einer Fl\u00e4che von rund 40 km\u00b2 (aufgeteilt auf die Katastralgemeinden Hinterberg mit 15,5 km\u00b2, Mistlberg mit 14,4 km\u00b2 und Tragwein mit 10,1 km\u00b2) leben ca. 3260 Menschen. Im S\u00fcden auf einer Seeh\u00f6he von 270 Meter, bis hin zum h\u00f6chsten Punkt im Norden Tragweins mit 692 Metern \u00fcber dem Meer ergibt sich ein H\u00f6henunterschied im Gemeindegebiet von 422 Meter, dies teilweise auf einer Strecke von nur mehreren hundert Metern! Tragwein ist eben eine Typisch M\u00fchlviertler Gemeinde!<\/p>\n<p>Grunds\u00e4tzlich ist Tragwein mit seinen 3 Feuerwehren (Tragwein, Mistlberg und Hinterberg) ein Pflichtbereich. In diesem Pflichtbereich gibt es drei L\u00f6schbereiche f\u00fcr welche je eine Feuerwehr zust\u00e4ndig ist!<\/p>\n<p>Der gr\u00f6\u00dfte L\u00f6schbereich ist der FF Hinterberg zugeteilt und betr\u00e4gt eine Fl\u00e4che von 15,5 km\u00b2 und einem H\u00f6henunterschied bis zu 400 Meter. Dort sorgt in erster Linie die FF Hinterberg f\u00fcr die Sicherheit der Tragweiner Bev\u00f6lkerung die in diesem sehr \u201eGebirgigen\u201c Teil Tragweins zuhause ist.<\/p>\n<p>Zu diesem L\u00f6schbereich z\u00e4hlen die Ortschaften Hinterberg, Schmierreith, Knollnhof, Reichenstein, Zudersdorf und Teile von Lugendorf.<\/p>\n<p>Ebenfalls in der Obhut der FF Hinterberg sind einige Firmen und das Burgmuseum Reichenstein.<\/p>\n<p>Tragwein ist durch seine Geografische Lage und durch die vielen Industriebetrieben die sich in Tragwein ansiedelten in die Pflichtbereichsklasse 3B eingestuft! Das durch diese Pflichtsbereichsklasse Notwendige zweite Tankl\u00f6schfahrzeug ist bei der FF Hinterberg stationiert um auch im N\u00f6rdlichen Teil Tragweins (und Erdleiten\/Gemeinde Bad Zell welche sich in unmittelbarer N\u00e4he zum FF Standort Hinterberg befindet) erste und dadurch effektive L\u00f6schma\u00dfnahmen durchf\u00fchren zu k\u00f6nnen.<\/p>\n<p><a href=\"http:\/\/www.ff-hinterberg.at\/cms\/?attachment_id=535\" rel=\"attachment wp-att-535\"><img loading=\"lazy\" decoding=\"async\" class=\"aligncenter size-full wp-image-535\" title=\"ortstafel_hinterberg_ende\" src=\"http:\/\/www.ff-hinterberg.at\/cms\/wp-content\/uploads\/2012\/03\/ortstafel_hinterberg_ende.jpg\" alt=\"\" width=\"150\" height=\"96\" \/><\/a><\/p>\n","protected":false},"excerpt":{"rendered":"<p>Tragwein (www.tragwein.at) ist eine kleine aber feine Gemeinde im Herzen des M\u00fchlviertels. Auf einer Fl\u00e4che von rund 40 km\u00b2 (aufgeteilt auf die Katastralgemeinden Hinterberg mit 15,5 km\u00b2, Mistlberg mit 14,4 km\u00b2 und Tragwein mit 10,1 km\u00b2) leben ca. 3260 Menschen. Im S\u00fcden auf einer Seeh\u00f6he von 270 Meter, bis hin zum h\u00f6chsten Punkt im Norden [&hellip;]<\/p>\n","protected":false},"author":1,"featured_media":0,"parent":13114,"menu_order":4,"comment_status":"open","ping_status":"closed","template":"","meta":{"_mo_disable_npp":"","ngg_post_thumbnail":0,"footnotes":""},"class_list":["post-528","page","type-page","status-publish","hentry"],"_links":{"self":[{"href":"https:\/\/www.ff-hinterberg.at\/index.php?rest_route=\/wp\/v2\/pages\/528","targetHints":{"allow":["GET"]}}],"collection":[{"href":"https:\/\/www.ff-hinterberg.at\/index.php?rest_route=\/wp\/v2\/pages"}],"about":[{"href":"https:\/\/www.ff-hinterberg.at\/index.php?rest_route=\/wp\/v2\/types\/page"}],"author":[{"embeddable":true,"href":"https:\/\/www.ff-hinterberg.at\/index.php?rest_route=\/wp\/v2\/users\/1"}],"replies":[{"embeddable":true,"href":"https:\/\/www.ff-hinterberg.at\/index.php?rest_route=%2Fwp%2Fv2%2Fcomments&post=528"}],"version-history":[{"count":13,"href":"https:\/\/www.ff-hinterberg.at\/index.php?rest_route=\/wp\/v2\/pages\/528\/revisions"}],"predecessor-version":[{"id":563,"href":"https:\/\/www.ff-hinterberg.at\/index.php?rest_route=\/wp\/v2\/pages\/528\/revisions\/563"}],"up":[{"embeddable":true,"href":"https:\/\/www.ff-hinterberg.at\/index.php?rest_route=\/wp\/v2\/pages\/13114"}],"wp:attachment":[{"href":"https:\/\/www.ff-hinterberg.at\/index.php?rest_route=%2Fwp%2Fv2%2Fmedia&parent=528"}],"curies":[{"name":"wp","href":"https:\/\/api.w.org\/{rel}","templated":true}]}}