{"id":401,"date":"2012-02-22T15:24:54","date_gmt":"2012-02-22T15:24:54","guid":{"rendered":"http:\/\/www.ff-hinterberg.at\/cms\/?page_id=401"},"modified":"2021-02-26T07:36:55","modified_gmt":"2021-02-26T07:36:55","slug":"oldtimer-der-alte-fuhrpark","status":"publish","type":"page","link":"https:\/\/www.ff-hinterberg.at\/?page_id=401","title":{"rendered":"Oldtimer"},"content":{"rendered":"<p style=\"text-align: center;\">&nbsp;<\/p>\n<h3><strong>MTF 2<\/strong><\/h3>\n<p><img loading=\"lazy\" decoding=\"async\" class=\"alignleft size-thumbnail wp-image-480\" title=\"IMG_1083\" src=\"http:\/\/www.ff-hinterberg.at\/cms\/wp-content\/uploads\/2012\/02\/IMG_1083-80x80.jpg\" alt=\"\" width=\"80\" height=\"80\"\/><strong>Funkruf:<\/strong><br \/>\n<strong>Fahrgestell:<\/strong>&nbsp;&nbsp;&nbsp;&nbsp;&nbsp;&nbsp;&nbsp;&nbsp;&nbsp;&nbsp;&nbsp;&nbsp;&nbsp;&nbsp;&nbsp;&nbsp;&nbsp;&nbsp;&nbsp;&nbsp;&nbsp;&nbsp; Puch Steyr Fiat<br \/>\n<strong>Aufbau: &nbsp;<\/strong> &nbsp; &nbsp; &nbsp; &nbsp; &nbsp; &nbsp; &nbsp; &nbsp; &nbsp; &nbsp; &nbsp; &nbsp; &nbsp; &nbsp; Rosenbauer<br \/>\n<strong>Baujahr:&nbsp;<\/strong>&nbsp;&nbsp;&nbsp;&nbsp;&nbsp;&nbsp;&nbsp;&nbsp;&nbsp;&nbsp;&nbsp;&nbsp;&nbsp;&nbsp;&nbsp;&nbsp;&nbsp;&nbsp;&nbsp;&nbsp;&nbsp;&nbsp;&nbsp;&nbsp;&nbsp;&nbsp;&nbsp;&nbsp; 1968<br \/>\n<strong>&nbsp;Motor:&nbsp;&nbsp;<\/strong>&nbsp;&nbsp;&nbsp;&nbsp;&nbsp;&nbsp;&nbsp;&nbsp;&nbsp;&nbsp;&nbsp;&nbsp;&nbsp;&nbsp;&nbsp;&nbsp;&nbsp;&nbsp;&nbsp;&nbsp;&nbsp;&nbsp;&nbsp;&nbsp;&nbsp;&nbsp;&nbsp;&nbsp;&nbsp;&nbsp; Benzin<br \/>\n<strong>Leistung:&nbsp;<\/strong>&nbsp;&nbsp;&nbsp;&nbsp;&nbsp;&nbsp;&nbsp;&nbsp;&nbsp;&nbsp;&nbsp;&nbsp;&nbsp;&nbsp;&nbsp;&nbsp;&nbsp;&nbsp;&nbsp;&nbsp;&nbsp;&nbsp;&nbsp;&nbsp;&nbsp;&nbsp;&nbsp; 55 PS<br \/>\n<strong>Verwendung:&nbsp;<\/strong>bis 1991 als KLF, seit 1991 als MTF f\u00fcr Bewerbsgruppe<\/p>\n<h3 style=\"text-align: center;\"><strong>Die Geschichte des Fiat 1300 &#8211; Das erste neue Feuerwehrauto der FF Hinterberg<\/strong><\/h3>\n<p style=\"text-align: justify;\">Es gab immer Schwierigkeiten mit unserem alten Feuerwehrauto. Das bereits 25 Jahre alte Auto war praktisch nicht mehr Einsatzbereit. Es handelte sich dabei um einen Lastkraftwagen BJ 1943 der Marke Steyr. H\u00f6chstwahrscheinlich als Milit\u00e4rfahrzeug im Zweiten Weltkrieg gebaut wurde dieses Fahrzeug &nbsp;von der KAMIG AG in einen Schulbus umgebaut. Dieses Fahrzeug wurde sp\u00e4ter von der FF Tragwein in ein Feuerwehrauto umfunktioniert. 1954 wurde dieses Fahrzeug dann in die Dienste der FF Hinterberg gestellt.<\/p>\n<p style=\"text-align: justify;\">Im Sommer 1968 wurde der Gedanke f\u00fcr einen Autokauf Gespr\u00e4chsthema Nummer eins. Die Gemeinde Tragwein war dar\u00fcber nicht gerade begeistert und so wurde dies zun\u00e4chst abgelehnt. Am 6. Oktober 1968 konnte sich B\u00fcrgermeister Rudolf Ortner schlie\u00dflich bei der Herbst\u00fcbung \u00fcber die Notwendigkeit eines neuen Autos \u00fcberzeugen. Anschlie\u00dfende Gespr\u00e4che mit Herrn BGM Ortner f\u00fchrten zum Beschlu\u00df ein neues Fahrzeug anzuschaffen. Auf Vorschlag der Firma Rosenbauer wurde ein KLF FIAT 1300 zum Preis von 78.000,- Schilling angekauft und am 4. Mai 1969 in Tragwein gesegnet. Bis 1991war dieses Fahrzeug als KLF im Einsatz und wurde nach dieser Zeit als MTF genutzt. Im Jahr 2001 wurde es generalsaniert und dienst bis Dato der Bewerbsgruppe als MTF f\u00fcr diverse Bewerbsfahrten.<\/p>\n<p style=\"text-align: center;\">ngg_shortcode_0_placeholder<\/p>\n","protected":false},"excerpt":{"rendered":"<p>&nbsp; MTF 2 Funkruf: Fahrgestell:&nbsp;&nbsp;&nbsp;&nbsp;&nbsp;&nbsp;&nbsp;&nbsp;&nbsp;&nbsp;&nbsp;&nbsp;&nbsp;&nbsp;&nbsp;&nbsp;&nbsp;&nbsp;&nbsp;&nbsp;&nbsp;&nbsp; Puch Steyr Fiat Aufbau: &nbsp; &nbsp; &nbsp; &nbsp; &nbsp; &nbsp; &nbsp; &nbsp; &nbsp; &nbsp; &nbsp; &nbsp; &nbsp; &nbsp; &nbsp; Rosenbauer Baujahr:&nbsp;&nbsp;&nbsp;&nbsp;&nbsp;&nbsp;&nbsp;&nbsp;&nbsp;&nbsp;&nbsp;&nbsp;&nbsp;&nbsp;&nbsp;&nbsp;&nbsp;&nbsp;&nbsp;&nbsp;&nbsp;&nbsp;&nbsp;&nbsp;&nbsp;&nbsp;&nbsp;&nbsp;&nbsp; 1968 &nbsp;Motor:&nbsp;&nbsp;&nbsp;&nbsp;&nbsp;&nbsp;&nbsp;&nbsp;&nbsp;&nbsp;&nbsp;&nbsp;&nbsp;&nbsp;&nbsp;&nbsp;&nbsp;&nbsp;&nbsp;&nbsp;&nbsp;&nbsp;&nbsp;&nbsp;&nbsp;&nbsp;&nbsp;&nbsp;&nbsp;&nbsp;&nbsp;&nbsp; Benzin Leistung:&nbsp;&nbsp;&nbsp;&nbsp;&nbsp;&nbsp;&nbsp;&nbsp;&nbsp;&nbsp;&nbsp;&nbsp;&nbsp;&nbsp;&nbsp;&nbsp;&nbsp;&nbsp;&nbsp;&nbsp;&nbsp;&nbsp;&nbsp;&nbsp;&nbsp;&nbsp;&nbsp;&nbsp; 55 PS Verwendung:&nbsp;bis 1991 als KLF, seit 1991 als MTF f\u00fcr Bewerbsgruppe Die Geschichte des Fiat 1300 &#8211; Das erste neue Feuerwehrauto der FF Hinterberg [&hellip;]<\/p>\n","protected":false},"author":1,"featured_media":0,"parent":386,"menu_order":5,"comment_status":"open","ping_status":"closed","template":"","meta":{"_mo_disable_npp":"","ngg_post_thumbnail":0,"footnotes":""},"class_list":["post-401","page","type-page","status-publish","hentry"],"_links":{"self":[{"href":"https:\/\/www.ff-hinterberg.at\/index.php?rest_route=\/wp\/v2\/pages\/401","targetHints":{"allow":["GET"]}}],"collection":[{"href":"https:\/\/www.ff-hinterberg.at\/index.php?rest_route=\/wp\/v2\/pages"}],"about":[{"href":"https:\/\/www.ff-hinterberg.at\/index.php?rest_route=\/wp\/v2\/types\/page"}],"author":[{"embeddable":true,"href":"https:\/\/www.ff-hinterberg.at\/index.php?rest_route=\/wp\/v2\/users\/1"}],"replies":[{"embeddable":true,"href":"https:\/\/www.ff-hinterberg.at\/index.php?rest_route=%2Fwp%2Fv2%2Fcomments&post=401"}],"version-history":[{"count":14,"href":"https:\/\/www.ff-hinterberg.at\/index.php?rest_route=\/wp\/v2\/pages\/401\/revisions"}],"predecessor-version":[{"id":15476,"href":"https:\/\/www.ff-hinterberg.at\/index.php?rest_route=\/wp\/v2\/pages\/401\/revisions\/15476"}],"up":[{"embeddable":true,"href":"https:\/\/www.ff-hinterberg.at\/index.php?rest_route=\/wp\/v2\/pages\/386"}],"wp:attachment":[{"href":"https:\/\/www.ff-hinterberg.at\/index.php?rest_route=%2Fwp%2Fv2%2Fmedia&parent=401"}],"curies":[{"name":"wp","href":"https:\/\/api.w.org\/{rel}","templated":true}]}}