{"id":397,"date":"2012-02-22T15:23:17","date_gmt":"2012-02-22T15:23:17","guid":{"rendered":"http:\/\/www.ff-hinterberg.at\/cms\/?page_id=397"},"modified":"2019-10-01T11:41:57","modified_gmt":"2019-10-01T11:41:57","slug":"tlf-a-2000-tankloschfahrzeug-mit-allradantrieb-und-2000-liter-wassertank","status":"publish","type":"page","link":"https:\/\/www.ff-hinterberg.at\/?page_id=397","title":{"rendered":"TLF-A 2000"},"content":{"rendered":"<p><img loading=\"lazy\" decoding=\"async\" class=\"alignleft size-thumbnail wp-image-414\" title=\"DSCN3287\" src=\"http:\/\/www.ff-hinterberg.at\/cms\/wp-content\/uploads\/2012\/02\/DSCN32871-80x80.jpg\" alt=\"\" width=\"80\" height=\"80\" \/><\/p>\n<p>Das neue Tankl\u00f6schfahrzeug der FF Hinterberg ist ein L\u00f6schfahrzeug welches bei Br\u00e4nden an der Front zum Einsatz kommt. Mit den eingebauten 2000 Liter Wassertank verf\u00fcgt die Einsatzmannschaft in der Erstphase mit Wasser und kann bei Kleinbr\u00e4nden sofort mit der Arbeit beginnen. Auch f\u00fcr den technischen Bereich findet das Fahrzeug seine Anwendung und f\u00fchrt diverse Ger\u00e4tschaften mit.<\/p>\n<p>&nbsp;<\/p>\n<p><strong>Funkruf:\u00a0<\/strong>\u00a0\u00a0\u00a0\u00a0\u00a0\u00a0\u00a0\u00a0\u00a0\u00a0\u00a0\u00a0\u00a0\u00a0\u00a0\u00a0\u00a0\u00a0\u00a0\u00a0\u00a0\u00a0\u00a0\u00a0\u00a0\u00a0\u00a0\u00a0 Tank Hinterberg<br \/>\n<strong>Fahrgestell:<\/strong>\u00a0\u00a0\u00a0\u00a0\u00a0\u00a0\u00a0\u00a0\u00a0\u00a0\u00a0\u00a0\u00a0\u00a0\u00a0\u00a0\u00a0\u00a0\u00a0\u00a0\u00a0\u00a0 Steyr 14S280 4&#215;4<br \/>\n<strong>Aufbau:<\/strong>\u00a0 \u00a0 \u00a0 \u00a0 \u00a0 \u00a0 \u00a0 \u00a0 \u00a0 \u00a0 \u00a0 \u00a0 \u00a0 \u00a0 \u00a0 \u00a0Rosenbauer<br \/>\n<strong>Baujahr:\u00a0<\/strong>\u00a0\u00a0\u00a0\u00a0\u00a0\u00a0\u00a0\u00a0\u00a0\u00a0\u00a0\u00a0\u00a0\u00a0\u00a0\u00a0\u00a0\u00a0\u00a0\u00a0\u00a0\u00a0\u00a0\u00a0\u00a0\u00a0\u00a0\u00a0 2006<br \/>\n<strong>Motor:\u00a0\u00a0\u00a0<\/strong>\u00a0\u00a0\u00a0\u00a0\u00a0\u00a0\u00a0\u00a0\u00a0\u00a0\u00a0\u00a0\u00a0\u00a0\u00a0\u00a0\u00a0\u00a0\u00a0\u00a0\u00a0\u00a0\u00a0\u00a0\u00a0\u00a0\u00a0\u00a0\u00a0 Turbo Diesel<br \/>\n<strong>Leistung:\u00a0<\/strong>\u00a0\u00a0\u00a0\u00a0\u00a0\u00a0\u00a0\u00a0\u00a0\u00a0\u00a0\u00a0\u00a0\u00a0\u00a0\u00a0\u00a0\u00a0\u00a0\u00a0\u00a0\u00a0\u00a0\u00a0\u00a0\u00a0\u00a0 280 PS<br \/>\n<strong>Verwendung:\u00a0<\/strong>\u00a0\u00a0\u00a0\u00a0\u00a0\u00a0\u00a0\u00a0\u00a0\u00a0\u00a0\u00a0\u00a0\u00a0\u00a0\u00a0\u00a0 seit 2006 als Tankl\u00f6schfahrzeug<br \/>\n<strong>Ausr\u00fcstung:\u00a0<\/strong>\u00a0\u00a0\u00a0\u00a0\u00a0\u00a0\u00a0\u00a0\u00a0\u00a0\u00a0\u00a0\u00a0\u00a0\u00a0\u00a0\u00a0\u00a0\u00a0\u00a0\u00a0 Absperrmaterial, Lotsenausr\u00fcstung, Atemschutz, 4 Teilige Steckleiter, Wasserwerfer, Stra\u00dfenwaschanlage, Hochleistungsunterwasserpumpe 2300l\/min, MAST 12, Notstromaggregat, Lichtmast, Beleuchtungsmaterial, 3000l Falttank, Motors\u00e4ge, Forstrucksack mit Forstausr\u00fcstung, L\u00f6schgruppenausr\u00fcstung, Verkehrsleiteinrichtung, Au\u00dfenlautsprecher, Schaumausr\u00fcstung, 2xHochdruckschnellangriffseinrichtung 60\/80m HD Schlauch, 25m HD Schlauch mit Kanalratte, Notrettungsset,\u2026<\/p>\n<p><strong><br \/>\n<\/strong><\/p>\n<h5 style=\"text-align: center;\"><strong>\u00a0Allgemeine Fotos<br \/>\n<\/strong>ngg_shortcode_0_placeholder<\/h5>\n<h5 style=\"text-align: center;\"><strong>Das TLF-A 2000 im Einsatz<br \/>\nngg_shortcode_1_placeholder\u00a0<\/strong><\/h5>\n","protected":false},"excerpt":{"rendered":"<p>Das neue Tankl\u00f6schfahrzeug der FF Hinterberg ist ein L\u00f6schfahrzeug welches bei Br\u00e4nden an der Front zum Einsatz kommt. Mit den eingebauten 2000 Liter Wassertank verf\u00fcgt die Einsatzmannschaft in der Erstphase mit Wasser und kann bei Kleinbr\u00e4nden sofort mit der Arbeit beginnen. Auch f\u00fcr den technischen Bereich findet das Fahrzeug seine Anwendung und f\u00fchrt diverse Ger\u00e4tschaften [&hellip;]<\/p>\n","protected":false},"author":1,"featured_media":0,"parent":386,"menu_order":3,"comment_status":"open","ping_status":"closed","template":"","meta":{"_mo_disable_npp":"","ngg_post_thumbnail":0,"footnotes":""},"class_list":["post-397","page","type-page","status-publish","hentry"],"_links":{"self":[{"href":"https:\/\/www.ff-hinterberg.at\/index.php?rest_route=\/wp\/v2\/pages\/397","targetHints":{"allow":["GET"]}}],"collection":[{"href":"https:\/\/www.ff-hinterberg.at\/index.php?rest_route=\/wp\/v2\/pages"}],"about":[{"href":"https:\/\/www.ff-hinterberg.at\/index.php?rest_route=\/wp\/v2\/types\/page"}],"author":[{"embeddable":true,"href":"https:\/\/www.ff-hinterberg.at\/index.php?rest_route=\/wp\/v2\/users\/1"}],"replies":[{"embeddable":true,"href":"https:\/\/www.ff-hinterberg.at\/index.php?rest_route=%2Fwp%2Fv2%2Fcomments&post=397"}],"version-history":[{"count":7,"href":"https:\/\/www.ff-hinterberg.at\/index.php?rest_route=\/wp\/v2\/pages\/397\/revisions"}],"predecessor-version":[{"id":13171,"href":"https:\/\/www.ff-hinterberg.at\/index.php?rest_route=\/wp\/v2\/pages\/397\/revisions\/13171"}],"up":[{"embeddable":true,"href":"https:\/\/www.ff-hinterberg.at\/index.php?rest_route=\/wp\/v2\/pages\/386"}],"wp:attachment":[{"href":"https:\/\/www.ff-hinterberg.at\/index.php?rest_route=%2Fwp%2Fv2%2Fmedia&parent=397"}],"curies":[{"name":"wp","href":"https:\/\/api.w.org\/{rel}","templated":true}]}}