{"id":283,"date":"2012-02-14T13:01:07","date_gmt":"2012-02-14T13:01:07","guid":{"rendered":"http:\/\/www.ff-hinterberg.at\/cms\/?page_id=283"},"modified":"2023-01-31T15:24:02","modified_gmt":"2023-01-31T15:24:02","slug":"erreichbarkeit-und-notrufe","status":"publish","type":"page","link":"https:\/\/www.ff-hinterberg.at\/?page_id=283","title":{"rendered":"Erreichbarkeit und Notrufe"},"content":{"rendered":"<h1 style=\"text-align: center;\"><span style=\"color: #000000;\">Erreichbarkeit &amp; Notrufe<\/span><\/h1>\n<h1 style=\"text-align: left; padding-left: 60px;\"><span style=\"color: #000000;\"><span style=\"color: #ff0000;\">Feuerwehr &nbsp; &nbsp; &nbsp; &nbsp; &nbsp; &nbsp; &nbsp; 122<\/span><br \/>\n<span style=\"color: #0000ff;\">Polizei &nbsp; &nbsp; &nbsp; &nbsp; &nbsp; &nbsp; &nbsp; &nbsp; &nbsp; &nbsp; &nbsp;133<\/span><br \/>\n<span style=\"color: #ff9900;\">Rettung &nbsp; &nbsp; &nbsp; &nbsp; &nbsp; &nbsp; &nbsp; &nbsp; &nbsp; 144<\/span><br \/>\n<span style=\"color: #00ccff;\">Euronotruf &nbsp; &nbsp; &nbsp; &nbsp; &nbsp; &nbsp; &nbsp; 112<\/span><br \/>\n<span style=\"color: #993366;\">\u00c4rztenotruf &nbsp; &nbsp; &nbsp; &nbsp; &nbsp; &nbsp; &nbsp;141<\/span><br \/>\n<span style=\"color: #808080;\">Vergiftungszentrale 01 406 43 43<\/span><\/span><\/h1>\n<h1 style=\"text-align: left; padding-left: 60px;\">Diese Notrufe sind rund um die Uhr m\u00f6glich.<\/h1>\n<p>&nbsp;<\/p>\n<p>&nbsp;<\/p>\n<p>&nbsp;<\/p>\n<h2><span style=\"text-decoration: underline;\"><span style=\"color: #000000; text-decoration: underline;\">Leitfaden f\u00fcr Notrufe:<br \/>\n<\/span><\/span>Wer?<br \/>\nWas?<br \/>\nWo?<br \/>\nWie viele Verletzte?<\/h2>\n<h2><span style=\"text-decoration: underline;\">Rufnummern f\u00fcr kleinere Eins\u00e4tze<\/span><\/h2>\n<p>Gott sei Dank geht es nicht immer gleich um Leben und Tod, bzw. handelt es sich nicht immer um ein Gro\u00dfschadensereignis, wenn die Feuerwehr zum Einsatz gerufen wird. Viele Ausr\u00fcckungen erfordern zwar auch die gebotene Eile, sie m\u00fcssen aber nicht \u201eauf die Sekunde\u201c erledigt werden. Nachstehend m\u00f6chten wir Ihnen einige Telefonnummern bekannt geben, unter denen die Feuerwehr Hinterberg erreichbar ist, wenn es sich um kleinere Eins\u00e4tze handelt oder wenn Sie etwa nur eine Frage an uns haben:<\/p>\n<table border=\"0\">\n<tbody>\n<tr>\n<td valign=\"top\">Kommandant Severin Stockinger<\/td>\n<td valign=\"top\">+ 43 676821220791<\/td>\n<\/tr>\n<tr>\n<td valign=\"top\">Kommandant Stv. Markus Wurm<\/td>\n<td valign=\"top\">+ 43 6766639134<\/td>\n<\/tr>\n<tr>\n<td valign=\"top\">Zugskommandant Daniel Schinnerl<\/td>\n<td valign=\"top\">+ 43 69912549583<\/td>\n<\/tr>\n<tr>\n<td valign=\"top\">Zugskommandant Stefan Voglhofer<\/td>\n<td valign=\"top\">+ 43 6504782785<\/td>\n<\/tr>\n<\/tbody>\n<\/table>\n<table border=\"0\">\n<tbody>\n<tr>\n<td valign=\"top\">Ger\u00e4tewart Hans J\u00f6rg Schmidsberger<\/td>\n<td valign=\"top\">+ 43 6643797001<\/td>\n<\/tr>\n<tr>\n<td valign=\"top\">Gemeindeamt Tragwein (w\u00e4hrend der Dienststunden):<\/td>\n<td valign=\"top\">+ 43&nbsp;726388055<\/td>\n<\/tr>\n<tr>\n<td valign=\"top\">Zeughaus der Feuerwehr Hinterberg (nicht st\u00e4ndig besetzt):<\/td>\n<td valign=\"top\">+ 43&nbsp;72637222<\/td>\n<\/tr>\n<tr>\n<td valign=\"top\">Landesfeuerwehrkommando Ober\u00f6sterreich:<\/td>\n<td valign=\"top\">+ 43 732 77 01 22<\/td>\n<\/tr>\n<tr>\n<td valign=\"top\">Polizeiinspektion :<\/td>\n<td valign=\"top\">+ 43&nbsp;72637233<\/td>\n<\/tr>\n<\/tbody>\n<\/table>\n<p>Wir empfehlen Ihnen, sich diese Liste mit den aufgelisteten Nummern auszudrucken und sie in der N\u00e4he Ihres Telefons aufzubewahren. Sie gewinnen damit wertvolle Zeit!<\/p>\n<p>E-Mail der FF Hinterberg:<br \/>\nff-hinterberg@fr.ooelfv.at<\/p>\n<h1>Bei dringenden F\u00e4llen bitte unbedingt den <span style=\"color: #ff0000;\">Feuerwehrnotruf 122<\/span> w\u00e4hlen!<\/h1>\n","protected":false},"excerpt":{"rendered":"<p>Erreichbarkeit &amp; Notrufe Feuerwehr &nbsp; &nbsp; &nbsp; &nbsp; &nbsp; &nbsp; &nbsp; 122 Polizei &nbsp; &nbsp; &nbsp; &nbsp; &nbsp; &nbsp; &nbsp; &nbsp; &nbsp; &nbsp; &nbsp;133 Rettung &nbsp; &nbsp; &nbsp; &nbsp; &nbsp; &nbsp; &nbsp; &nbsp; &nbsp; 144 Euronotruf &nbsp; &nbsp; &nbsp; &nbsp; &nbsp; &nbsp; &nbsp; 112 \u00c4rztenotruf &nbsp; &nbsp; &nbsp; &nbsp; &nbsp; &nbsp; &nbsp;141 Vergiftungszentrale 01 406 [&hellip;]<\/p>\n","protected":false},"author":1,"featured_media":0,"parent":13116,"menu_order":2,"comment_status":"open","ping_status":"closed","template":"","meta":{"_mo_disable_npp":"","ngg_post_thumbnail":0,"footnotes":""},"class_list":["post-283","page","type-page","status-publish","hentry"],"_links":{"self":[{"href":"https:\/\/www.ff-hinterberg.at\/index.php?rest_route=\/wp\/v2\/pages\/283","targetHints":{"allow":["GET"]}}],"collection":[{"href":"https:\/\/www.ff-hinterberg.at\/index.php?rest_route=\/wp\/v2\/pages"}],"about":[{"href":"https:\/\/www.ff-hinterberg.at\/index.php?rest_route=\/wp\/v2\/types\/page"}],"author":[{"embeddable":true,"href":"https:\/\/www.ff-hinterberg.at\/index.php?rest_route=\/wp\/v2\/users\/1"}],"replies":[{"embeddable":true,"href":"https:\/\/www.ff-hinterberg.at\/index.php?rest_route=%2Fwp%2Fv2%2Fcomments&post=283"}],"version-history":[{"count":8,"href":"https:\/\/www.ff-hinterberg.at\/index.php?rest_route=\/wp\/v2\/pages\/283\/revisions"}],"predecessor-version":[{"id":16375,"href":"https:\/\/www.ff-hinterberg.at\/index.php?rest_route=\/wp\/v2\/pages\/283\/revisions\/16375"}],"up":[{"embeddable":true,"href":"https:\/\/www.ff-hinterberg.at\/index.php?rest_route=\/wp\/v2\/pages\/13116"}],"wp:attachment":[{"href":"https:\/\/www.ff-hinterberg.at\/index.php?rest_route=%2Fwp%2Fv2%2Fmedia&parent=283"}],"curies":[{"name":"wp","href":"https:\/\/api.w.org\/{rel}","templated":true}]}}