{"id":276,"date":"2012-02-14T12:56:54","date_gmt":"2012-02-14T12:56:54","guid":{"rendered":"http:\/\/www.ff-hinterberg.at\/cms\/?page_id=276"},"modified":"2021-11-12T09:14:07","modified_gmt":"2021-11-12T09:14:07","slug":"geratehaus","status":"publish","type":"page","link":"https:\/\/www.ff-hinterberg.at\/?page_id=276","title":{"rendered":"Ger\u00e4tehaus"},"content":{"rendered":"<h1 style=\"text-align: center;\"><strong>Das Ger\u00e4tehaus der FF Hinterberg!<\/strong><\/h1>\n<h1 style=\"text-align: center;\"><!-- default-view.php -->\n<div\n\tclass=\"ngg-galleryoverview default-view\n\t ngg-ajax-pagination-none\t\"\n\tid=\"ngg-gallery-898e57baaf7870faf090c12cb423b6e9-1\"\n\tdata-gallery-id=\"152\">\n\n\t\t<!-- Thumbnails -->\n\t\t\t\t<div id=\"ngg-image-0\" class=\"ngg-gallery-thumbnail-box\n\t\t\t\t\t\t\t\t\t\t\t\"\n\t\t\t>\n\t\t\t\t\t\t<div class=\"ngg-gallery-thumbnail\">\n\t\t\t<a href=\"https:\/\/www.ff-hinterberg.at\/cms\/wp-content\/gallery\/2015-03-05_1-geraetehaus\/Zeughaus-Zeichnung.jpg\"\n\t\t\t\ttitle=\"\"\n\t\t\t\tdata-src=\"https:\/\/www.ff-hinterberg.at\/cms\/wp-content\/gallery\/2015-03-05_1-geraetehaus\/Zeughaus-Zeichnung.jpg\"\n\t\t\t\tdata-thumbnail=\"https:\/\/www.ff-hinterberg.at\/cms\/wp-content\/gallery\/2015-03-05_1-geraetehaus\/thumbs\/thumbs_Zeughaus-Zeichnung.jpg\"\n\t\t\t\tdata-image-id=\"2036\"\n\t\t\t\tdata-title=\"Zeughaus Zeichnung.jpg\"\n\t\t\t\tdata-description=\"\"\n\t\t\t\tdata-image-slug=\"zeughaus-zeichnung-jpg\"\n\t\t\t\t\t\t\t\t\t\t\t\t\t\t\t\t\t\t\t\tclass=\"shutterset_898e57baaf7870faf090c12cb423b6e9\">\n\t\t\t\t\t\t\t\t<img\n\t\t\t\t\ttitle=\"Zeughaus Zeichnung.jpg\"\n\t\t\t\t\talt=\"Zeughaus Zeichnung.jpg\"\n\t\t\t\t\tsrc=\"https:\/\/www.ff-hinterberg.at\/cms\/wp-content\/gallery\/2015-03-05_1-geraetehaus\/thumbs\/thumbs_Zeughaus-Zeichnung.jpg\"\n\t\t\t\t\twidth=\"100\"\n\t\t\t\t\theight=\"75\"\n\t\t\t\t\tstyle=\"max-width:100%;\"\n\t\t\t\t\/>\n\t\t\t<\/a>\n\t\t<\/div>\n\t\t\t\t\t\t\t<\/div>\n\t\t\t\n\t\n\t<br style=\"clear: both\" \/>\n\n\t\t<div class=\"slideshowlink\">\n\t\t<a href='https:\/\/www.ff-hinterberg.at\/index.php\/nggallery\/slideshow?page_id=276'>[Show as slideshow]<\/a>\n\n\t<\/div>\n\t\n\t\t<!-- Pagination -->\n\t\t<div class='ngg-clear'><\/div>\t<\/div>\n<\/h1>\n<h3 style=\"text-align: center;\"><strong>Das erste Ger\u00e4tehaus<\/strong><\/h3>\n<p style=\"text-align: justify;\">Nach der Gr\u00fcndung der FF Hinterberg wurde am 28. Mai 1933 bei der Gemeinderatssitzung der Gemeinde Hinterberg der Antrag \u00fcber den Bau eines Feuerwehrhauses gestellt. Der Gemeindeausschu\u00df hat beschlossen, die Feuerwehr kann ein Feuerwehrhaus bauen. Die Kosten daf\u00fcr mu\u00df die Feuerwehr aber selbst tragen. Wehrf\u00fchrer Franz Himmelbauer stellte sogleich ein Grundst\u00fcck hinter seinem Geh\u00f6ft zur Verf\u00fcgung um auf diesen Standort ein Feuerwehrhaus zu errichten.<\/p>\n<p>Schon am n\u00e4chsten Tag den 29. Mai 1933 wurde mit dem Feuerwehrhausbau begonnen! Im oberen Schmierreith und in Hinterberg wurde eine Bauholzsammlung beantragt und selber auch bereitwillig durchgef\u00fchrt. Bis auf 200 St\u00fcck Ziegel, welche f\u00fcr den Anfang im Ziegelwerk Schwertberg gekauft wurden, wurde alles Baumaterial gespendet. Auch alle Maurer- und Handlangerarbeiten wurden kostenlos geleistet. Alles ging mit sehr gutem willen vonstatten.<\/p>\n<p>Am 10 Juni 1933, nach 10 Tagen Bauzeit war das Feuerwehrhaus fertig!<\/p>\n<h3><strong>Zweites Feuerwehrhaus<\/strong><\/h3>\n<p>Am 1. J\u00e4nner 1951 wurde bei der Ausschu\u00dfsitzung beim Leeb-Schmied der Neubau eines 2 Torigen Feuerwehrger\u00e4tehauses beschlossen und beim Zentral gelegenen Moser Kreuzst\u00f6ckl geplant!Von der Gemeinde Tragwein wurde hierzu ein Zuschu\u00df von 13.000,-Schilling bewilligt.<\/p>\n<p>Alois und Theresia Hinterdorfer- Moser \u2013 als Grundb\u00fccherlicher Eigent\u00fcmer r\u00e4umten f\u00fcr sich und ihre Rechtsnachfolger, der FF Hinterberg unbefristetes Recht ein Feuerwehrhaus auf ihrem Grundst\u00fcck zu errichten ein.<\/p>\n<p>Mit dem Bau wurde im Fr\u00fchjahr 1951 begonnen und im August wurde die Dachgleiche erreicht. Die Fertigstellung erfolgte im Winter 1951\/52. Die genauen Baukosten sind in den Aufzeichnungen leider nicht ersichtlich. Am 14. Juni 1953 fand die Einweihungsfeier statt.<\/p>\n<p><strong>ngg_shortcode_0_placeholder&nbsp;<\/strong><\/p>\n<h3><strong>Das dritte Ger\u00e4tehaus<\/strong><\/h3>\n<p><span style=\"text-align: justify;\">Am 6. Dez 1988 wurde bei der Gemeinderatssitzung einstimmig der Beschlu\u00df \u00fcber den Neubau des Feuerwehrhauses Hinterberg gefa\u00dft. Als erste bauliche Vorbereitung wurde bereits im November 1988 eine Wasserleitung von Fragner Ernst zum Feuerwehrhaus verlegt. Das alte Feuerwehrhaus war bauf\u00e4llig und entsprach nicht mehr den Bauvorschriften und schon gar nicht mehr den Anspr\u00fcchen einer modernen Feuerwehr.<\/span><\/p>\n<p><strong>Grundst\u00fcckserweiterung<br \/><\/strong>Nach einholen aller Genehmigungen und Ausarbeitung des Bauplanes mit den zust\u00e4ndigen Fachleuten vom Landesfeuerwehrverband stand nun fest, da\u00df auch ein gr\u00f6\u00dferes Baugrundst\u00fcck f\u00fcr den Neubau ben\u00f6tigt wird. Franz und Maria Hinterdorfer als Grundb\u00fccherliche Eigent\u00fcmer r\u00e4umten f\u00fcr sich und ihre Rechtsnachfolger, der FF Hinterbergunbefristet das Recht ein, ein neues, gr\u00f6\u00dferes Feuerwehrhaus auf ihrem Grundst\u00fcck zu errichten.<\/p>\n<p>Im Februar 1989 wurde der Abbruch des alten Feuerwehrhauses durchgef\u00fchrt. Anschlie\u00dfend auch gleich mit dem Neubau begonnen. So konnte im ersten Jahr der Rohbau fertiggestellt werden. Zwischen Gemeinde und Feuerwehr wurde ein Finanzierungsplan erstellt. Die reinen Materialkosten sollten 800.000,- Schilling betragen. Die Gemeinde Tragwein erkl\u00e4rte sich bereit die H\u00e4lfte der Kosten zu \u00fcbernehmen. Die andere H\u00e4lfte \u00fcbernimmt die FF Hinterberg aus Eigenmitteln. Da im Jahr 1989 der Rohbau bereits fertiggestellt wurde, wurde der Dachboden Isoliert, s\u00e4mtliche Innenr\u00e4ume verputzt, Tore und Fenster eingebaut und so konnte von eine baldige Fertigstellung erwartet werden!<\/p>\n<p>Die Materialkosten beliefen sich schlie\u00dflich auf 1,161.000,-Schilling. Davon \u00fcbernahm die Feuerwehr 641.000,- Schilling, den Rest teilten sich Gemeinde, LFK und Land Ober\u00f6sterreich auf.<\/p>\n<p>&nbsp;<\/p>\n<p>&nbsp;<\/p>\nngg_shortcode_1_placeholder\n<h3>&nbsp;<\/h3>\n<h3><strong>Das neue Ger\u00e4tehaus<\/strong><\/h3>\n<p>&nbsp;<\/p>\n<p><img loading=\"lazy\" decoding=\"async\" class=\"alignleft  wp-image-1024\" src=\"http:\/\/www.ff-hinterberg.at\/cms\/wp-content\/uploads\/2013\/12\/P1160263-300x225.jpg\" alt=\"P1160263\" width=\"286\" height=\"215\" srcset=\"https:\/\/www.ff-hinterberg.at\/cms\/wp-content\/uploads\/2013\/12\/P1160263-300x225.jpg 300w, https:\/\/www.ff-hinterberg.at\/cms\/wp-content\/uploads\/2013\/12\/P1160263.jpg 1024w\" sizes=\"auto, (max-width: 286px) 100vw, 286px\" \/><\/p>\n<p><img loading=\"lazy\" decoding=\"async\" class=\"alignleft  wp-image-1025\" src=\"http:\/\/www.ff-hinterberg.at\/cms\/wp-content\/uploads\/2013\/12\/P1160270-300x225.jpg\" alt=\"P1160270\" width=\"285\" height=\"214\" srcset=\"https:\/\/www.ff-hinterberg.at\/cms\/wp-content\/uploads\/2013\/12\/P1160270-300x225.jpg 300w, https:\/\/www.ff-hinterberg.at\/cms\/wp-content\/uploads\/2013\/12\/P1160270.jpg 1024w\" sizes=\"auto, (max-width: 285px) 100vw, 285px\" \/><\/p>\n<p>&nbsp;<\/p>\n<p>&nbsp;<\/p>\n<p>&nbsp;<\/p>\n<p>&nbsp;<\/p>\n<p>&nbsp;<\/p>\n<p>&nbsp;<\/p>\n<p>&nbsp;<\/p>\n<p>&nbsp;<\/p>\n<p>&nbsp;<\/p>\n<p>&nbsp;<\/p>\n<p>Im Winter 2009 wurde aus Platzgr\u00fcnden ein Feuerwehrhauszubau ins Auge gefa\u00dft. Das Kommando der FF Hinterberg beschlo\u00df, das der Ortsans\u00e4ssige Architekt Norbert Haderer&nbsp; mit diesem Projekt vertraut werden soll. Nach wenigen Wochen Planungsphase und einem Einstimmigen Beschlu\u00df des Kommandos wurde eine Vollversammlung der FF Hinterberg einberufen. In dieser Versammlung wurde das Projekt vorgestellt und von den anwesenden Kameraden einstimmig beschlossen, da\u00df es so umgesetzt werden soll. Erwin und Martina Hinterdorfer&nbsp; -Moser- Grundb\u00fccherlicher Eigent\u00fcmer, r\u00e4umten f\u00fcr sich und ihrer Rechtsnachfolger, der FF Hinterberg unbefristet das Recht einen Feuerwehrhauszubau auf ihrem Grundst\u00fcck zu errichten.<\/p>\n<p>Nachdem die Notwendigen Genehmigungen eingeholt waren konnte noch im Herbst 2010 mit dem Zubau begonnen und noch im Winter 2010 konnte der Rohbau fertiggestellt werden. Im Fr\u00fchjahr 2011 wurde wieder eifrig weitergearbeitet und so konnte im August 2011 ins neue gr\u00f6\u00dfere Feuerwehrhaus eingezogen werden. Im Winter 2011\/12 wurde der Keller sammt neue\u00b4n Heizraum fertig gestellt und 2012 ist die Fertigstellung der Fassade und des Dachbodens geplannt.<\/p>\n<p>Dieser Zubau wurde zur G\u00e4nze aus Eigenmittel der Feuerwehr und spenden der Tragweiner Firmen und Privatwirtschaft finanziert und in Eigenregie von den Kameraden der FF Hinterberg erbaut. Danke an dieser stelle an all die Familien die hinter \u201eihren Feuerwehrm\u00e4nnern\u201c stehen und diese immer wieder von zuhause weg lassen um hier an diesem Projekt mitzuhelfen.<\/p>\n<h3>ngg_shortcode_2_placeholder<\/h3>\n<h3><strong>Der Umbau des Ger\u00e4tehauses<\/strong><br \/>ngg_shortcode_3_placeholder<\/h3>\n\n","protected":false},"excerpt":{"rendered":"<p>Das Ger\u00e4tehaus der FF Hinterberg! [Show as slideshow] Das erste Ger\u00e4tehaus Nach der Gr\u00fcndung der FF Hinterberg wurde am 28. Mai 1933 bei der Gemeinderatssitzung der Gemeinde Hinterberg der Antrag \u00fcber den Bau eines Feuerwehrhauses gestellt. Der Gemeindeausschu\u00df hat beschlossen, die Feuerwehr kann ein Feuerwehrhaus bauen. Die Kosten daf\u00fcr mu\u00df die Feuerwehr aber selbst tragen. [&hellip;]<\/p>\n","protected":false},"author":1,"featured_media":0,"parent":13112,"menu_order":2,"comment_status":"open","ping_status":"closed","template":"","meta":{"_mo_disable_npp":"","ngg_post_thumbnail":0,"footnotes":""},"class_list":["post-276","page","type-page","status-publish","hentry"],"_links":{"self":[{"href":"https:\/\/www.ff-hinterberg.at\/index.php?rest_route=\/wp\/v2\/pages\/276","targetHints":{"allow":["GET"]}}],"collection":[{"href":"https:\/\/www.ff-hinterberg.at\/index.php?rest_route=\/wp\/v2\/pages"}],"about":[{"href":"https:\/\/www.ff-hinterberg.at\/index.php?rest_route=\/wp\/v2\/types\/page"}],"author":[{"embeddable":true,"href":"https:\/\/www.ff-hinterberg.at\/index.php?rest_route=\/wp\/v2\/users\/1"}],"replies":[{"embeddable":true,"href":"https:\/\/www.ff-hinterberg.at\/index.php?rest_route=%2Fwp%2Fv2%2Fcomments&post=276"}],"version-history":[{"count":26,"href":"https:\/\/www.ff-hinterberg.at\/index.php?rest_route=\/wp\/v2\/pages\/276\/revisions"}],"predecessor-version":[{"id":15010,"href":"https:\/\/www.ff-hinterberg.at\/index.php?rest_route=\/wp\/v2\/pages\/276\/revisions\/15010"}],"up":[{"embeddable":true,"href":"https:\/\/www.ff-hinterberg.at\/index.php?rest_route=\/wp\/v2\/pages\/13112"}],"wp:attachment":[{"href":"https:\/\/www.ff-hinterberg.at\/index.php?rest_route=%2Fwp%2Fv2%2Fmedia&parent=276"}],"curies":[{"name":"wp","href":"https:\/\/api.w.org\/{rel}","templated":true}]}}