{"id":266,"date":"2012-02-14T12:55:01","date_gmt":"2012-02-14T12:55:01","guid":{"rendered":"http:\/\/www.ff-hinterberg.at\/cms\/?page_id=266"},"modified":"2019-09-30T14:24:24","modified_gmt":"2019-09-30T14:24:24","slug":"mitgliederwerbung","status":"publish","type":"page","link":"https:\/\/www.ff-hinterberg.at\/?page_id=266","title":{"rendered":"Mitgliederwerbung"},"content":{"rendered":"<h2 style=\"text-align: center;\">&#8222;Steig ein &#8211; Die T\u00fcr ist offen&#8220; Herausforderung Feuerwehr Hinterberg<\/h2>\n<p>&nbsp;<\/p>\n<p>Hast Du schon mal daran gedacht, bei uns mitzumachen?<br \/>\nWir helfen Tag und Nacht, rund um die Uhr.<\/p>\n<p><em><strong>Zu unseren Aufgaben geh\u00f6ren &#8230; \u00a0<\/strong><\/em><br \/>\n&#8230; die Rettung von Menschen und Tieren<br \/>\n&#8230; das L\u00f6schen von Br\u00e4nden<br \/>\n&#8230; die Technische Hilfe bei Unf\u00e4llen<br \/>\n&#8230; der Schutz der Umwelt<\/p>\n<p>&nbsp;<\/p>\n<p>Unser freiwilliges Feuerwehrteam setzt sich nur aus ehrenamtlichen Mitarbeitern zusammen, die aus allen Berufsgruppen kommen. Wir suchen interessierte und engagierte Leute, die unser Team verst\u00e4rken.<\/p>\n<p>Willst du anderen helfen und dabei eine Menge Spa\u00df haben?<\/p>\n<p>Dann schau doch einfach mal bei uns vorbei.<\/p>\n<p>Wir informieren Dich sehr gerne, ganz locker und unverbindlich. Melde dich einfach mal bei uns.<\/p>\n<p>Wir freuen uns auf Dich. Auf jeden Fall gilt: Einmal reinschnuppern kostet nichts, macht sicher Spa\u00df und ist au\u00dferdem v\u00f6llig unverbindlich.<\/p>\n<p>Informationen bekommst Du bei unseren Kommandanten (Aktivmannschaft) HBI Josef Voggeneder unter \u00a0oder bei OBI Severin Stockinger unter \u00a0(Jugendbetreuer).<\/p>\n","protected":false},"excerpt":{"rendered":"<p>&#8222;Steig ein &#8211; Die T\u00fcr ist offen&#8220; Herausforderung Feuerwehr Hinterberg &nbsp; Hast Du schon mal daran gedacht, bei uns mitzumachen? Wir helfen Tag und Nacht, rund um die Uhr. Zu unseren Aufgaben geh\u00f6ren &#8230; \u00a0 &#8230; die Rettung von Menschen und Tieren &#8230; das L\u00f6schen von Br\u00e4nden &#8230; die Technische Hilfe bei Unf\u00e4llen &#8230; der [&hellip;]<\/p>\n","protected":false},"author":1,"featured_media":0,"parent":13114,"menu_order":3,"comment_status":"open","ping_status":"closed","template":"","meta":{"_mo_disable_npp":"","ngg_post_thumbnail":0,"footnotes":""},"class_list":["post-266","page","type-page","status-publish","hentry"],"_links":{"self":[{"href":"https:\/\/www.ff-hinterberg.at\/index.php?rest_route=\/wp\/v2\/pages\/266","targetHints":{"allow":["GET"]}}],"collection":[{"href":"https:\/\/www.ff-hinterberg.at\/index.php?rest_route=\/wp\/v2\/pages"}],"about":[{"href":"https:\/\/www.ff-hinterberg.at\/index.php?rest_route=\/wp\/v2\/types\/page"}],"author":[{"embeddable":true,"href":"https:\/\/www.ff-hinterberg.at\/index.php?rest_route=\/wp\/v2\/users\/1"}],"replies":[{"embeddable":true,"href":"https:\/\/www.ff-hinterberg.at\/index.php?rest_route=%2Fwp%2Fv2%2Fcomments&post=266"}],"version-history":[{"count":4,"href":"https:\/\/www.ff-hinterberg.at\/index.php?rest_route=\/wp\/v2\/pages\/266\/revisions"}],"predecessor-version":[{"id":3087,"href":"https:\/\/www.ff-hinterberg.at\/index.php?rest_route=\/wp\/v2\/pages\/266\/revisions\/3087"}],"up":[{"embeddable":true,"href":"https:\/\/www.ff-hinterberg.at\/index.php?rest_route=\/wp\/v2\/pages\/13114"}],"wp:attachment":[{"href":"https:\/\/www.ff-hinterberg.at\/index.php?rest_route=%2Fwp%2Fv2%2Fmedia&parent=266"}],"curies":[{"name":"wp","href":"https:\/\/api.w.org\/{rel}","templated":true}]}}